{"id":14,"date":"2020-12-15T11:59:01","date_gmt":"2020-12-15T10:59:01","guid":{"rendered":"http:\/\/apparts-du-lion.fr\/?page_id=14"},"modified":"2020-12-15T12:00:52","modified_gmt":"2020-12-15T11:00:52","slug":"accueil","status":"publish","type":"page","link":"https:\/\/apparts-du-lion.fr\/","title":{"rendered":"Accueil"},"content":{"rendered":"\n<p>Prochainement votre site Les apparts du lion : \u00e0 tr\u00e8s bient\u00f4t !<\/p>\n","protected":false},"excerpt":{"rendered":"<p>Prochainement votre site Les apparts du lion : \u00e0 tr\u00e8s bient\u00f4t !<\/p>\n","protected":false},"author":1,"featured_media":0,"parent":0,"menu_order":0,"comment_status":"closed","ping_status":"closed","template":"","meta":[],"_links":{"self":[{"href":"https:\/\/apparts-du-lion.fr\/index.php?rest_route=\/wp\/v2\/pages\/14"}],"collection":[{"href":"https:\/\/apparts-du-lion.fr\/index.php?rest_route=\/wp\/v2\/pages"}],"about":[{"href":"https:\/\/apparts-du-lion.fr\/index.php?rest_route=\/wp\/v2\/types\/page"}],"author":[{"embeddable":true,"href":"https:\/\/apparts-du-lion.fr\/index.php?rest_route=\/wp\/v2\/users\/1"}],"replies":[{"embeddable":true,"href":"https:\/\/apparts-du-lion.fr\/index.php?rest_route=%2Fwp%2Fv2%2Fcomments&post=14"}],"version-history":[{"count":2,"href":"https:\/\/apparts-du-lion.fr\/index.php?rest_route=\/wp\/v2\/pages\/14\/revisions"}],"predecessor-version":[{"id":38,"href":"https:\/\/apparts-du-lion.fr\/index.php?rest_route=\/wp\/v2\/pages\/14\/revisions\/38"}],"wp:attachment":[{"href":"https:\/\/apparts-du-lion.fr\/index.php?rest_route=%2Fwp%2Fv2%2Fmedia&parent=14"}],"curies":[{"name":"wp","href":"https:\/\/api.w.org\/{rel}","templated":true}]}}